{"id":6031,"date":"2024-02-26T20:49:01","date_gmt":"2024-02-27T01:49:01","guid":{"rendered":"https:\/\/wordpress-403092-4304419.cloudwaysapps.com\/?page_id=6031"},"modified":"2024-05-08T16:47:44","modified_gmt":"2024-05-08T20:47:44","slug":"cancellation-policy","status":"publish","type":"page","link":"https:\/\/academieridaventure.com\/fr\/cancellation-policy\/","title":{"rendered":"Politique d'annulation"},"content":{"rendered":"<section class=\"wp-block-wp-expert-new-subpage-hero-2 subpage-hero subpage-hero--small\"> <img decoding=\"async\" src=\"https:\/\/pinegrow.com\/placeholders\/img15.jpg\" class=\"subpage-hero__bg-img\"\/> <div data-empty-placeholder=\"\" class=\"container\">\n<h1 class=\"wp-block-heading has-white-color has-text-color has-link-color wp-elements-aaa15b1b7d3594ec30f921b13ebef811\">Politique d'annulation<\/h1>\n<\/div> <\/section>\n\n\n\n<section class=\"wp-block-wp-expert-new-wpe-section-container\">\n<div class=\"wp-block-wp-expert-new-wpe-container container\" style=\"align-items:\">\n<p>Remboursement 100% - Plus de 30 jours avant la date pr\u00e9vue du cours. Remboursement 50% - 15 \u00e0 29 jours avant la date pr\u00e9vue du cours. Pas de remboursement - Moins de 15 jours avant la date pr\u00e9vue du cours. Nous essayons de nous adapter aux changements de date de cours, si possible, en offrant gratuitement le d\u00e9placement \u00e0 une autre date durant l\u2019ann\u00e9e<\/p>\n<\/div>\n<\/section>","protected":false},"excerpt":{"rendered":"","protected":false},"author":5,"featured_media":0,"parent":0,"menu_order":0,"comment_status":"closed","ping_status":"closed","template":"","meta":{"_seopress_robots_primary_cat":"","_seopress_titles_title":"Flexible Cancellation Policy | Acad\u00e9mie Ridaventure","_seopress_titles_desc":"Understand our cancellation policy: Refunds and course changes up to 10 days before your training, ensuring flexibility for your plans.","_seopress_robots_index":"","footnotes":""},"class_list":["post-6031","page","type-page","status-publish","hentry"],"meta_box":[],"_links":{"self":[{"href":"https:\/\/academieridaventure.com\/fr\/wp-json\/wp\/v2\/pages\/6031","targetHints":{"allow":["GET"]}}],"collection":[{"href":"https:\/\/academieridaventure.com\/fr\/wp-json\/wp\/v2\/pages"}],"about":[{"href":"https:\/\/academieridaventure.com\/fr\/wp-json\/wp\/v2\/types\/page"}],"author":[{"embeddable":true,"href":"https:\/\/academieridaventure.com\/fr\/wp-json\/wp\/v2\/users\/5"}],"replies":[{"embeddable":true,"href":"https:\/\/academieridaventure.com\/fr\/wp-json\/wp\/v2\/comments?post=6031"}],"version-history":[{"count":6,"href":"https:\/\/academieridaventure.com\/fr\/wp-json\/wp\/v2\/pages\/6031\/revisions"}],"predecessor-version":[{"id":6326,"href":"https:\/\/academieridaventure.com\/fr\/wp-json\/wp\/v2\/pages\/6031\/revisions\/6326"}],"wp:attachment":[{"href":"https:\/\/academieridaventure.com\/fr\/wp-json\/wp\/v2\/media?parent=6031"}],"curies":[{"name":"wp","href":"https:\/\/api.w.org\/{rel}","templated":true}]}}