{"id":5741,"date":"2024-02-22T15:07:31","date_gmt":"2024-02-22T20:07:31","guid":{"rendered":"https:\/\/wordpress-403092-4304419.cloudwaysapps.com\/?page_id=5741"},"modified":"2024-03-01T16:38:10","modified_gmt":"2024-03-01T21:38:10","slug":"terms-conditions","status":"publish","type":"page","link":"https:\/\/academieridaventure.com\/fr\/terms-conditions\/","title":{"rendered":"Conditions g\u00e9n\u00e9rales d'utilisation"},"content":{"rendered":"<section class=\"wp-block-wp-expert-new-subpage-hero-2 subpage-hero subpage-hero--small\"> <img decoding=\"async\" src=\"https:\/\/pinegrow.com\/placeholders\/img15.jpg\" class=\"subpage-hero__bg-img\"\/> <div data-empty-placeholder=\"\" class=\"container\">\n<h1 class=\"wp-block-heading has-white-color has-text-color has-link-color wp-elements-93f8f5208a1a7f6e651cb3ccc8c80b1a\">Conditions g\u00e9n\u00e9rales d'utilisation<\/h1>\n<\/div> <\/section>\n\n\n\n<section class=\"wp-block-wp-expert-new-wpe-section-container\">\n<div class=\"wp-block-wp-expert-new-wpe-container container\" style=\"align-items:\">\n<h3 class=\"wp-block-heading\">CONDITIONS G\u00c9N\u00c9RALES<\/h3>\n\n\n\n<p>Les pr\u00e9sentes conditions g\u00e9n\u00e9rales (les \"conditions g\u00e9n\u00e9rales\") r\u00e9gissent l'utilisation du site www.academieadventure.com (le \"site\"). Ce Site est d\u00e9tenu et exploit\u00e9 par Claude Gagne. Il s'agit d'un site de commerce \u00e9lectronique. En utilisant ce Site, vous indiquez que vous avez lu et compris les pr\u00e9sentes Conditions g\u00e9n\u00e9rales et que vous acceptez de les respecter \u00e0 tout moment.<\/p>\n\n\n\n<p>Propri\u00e9t\u00e9 intellectuelle Tout le contenu publi\u00e9 et mis \u00e0 disposition sur notre Site est la propri\u00e9t\u00e9 de Claude Gagne et des cr\u00e9ateurs du Site. Il s'agit notamment des images, des textes, des logos, des documents, des fichiers t\u00e9l\u00e9chargeables et de tout ce qui contribue \u00e0 la composition de notre Site.<\/p>\n\n\n\n<h3 class=\"wp-block-heading\">Vente de services <\/h3>\n\n\n\n<p>Les pr\u00e9sentes conditions g\u00e9n\u00e9rales r\u00e9gissent la vente des services disponibles sur notre site.<\/p>\n\n\n\n<p>Les services suivants sont disponibles sur notre site :<\/p>\n\n\n\n<p>- Formation moto.<\/p>\n\n\n\n<p>Les services seront pay\u00e9s int\u00e9gralement lors de la commande des services.<\/p>\n\n\n\n<p>Les pr\u00e9sentes conditions g\u00e9n\u00e9rales s'appliquent \u00e0 tous les services affich\u00e9s sur notre site au moment o\u00f9 vous y acc\u00e9dez. Toutes les informations, descriptions ou images que nous fournissons sur nos services sont aussi pr\u00e9cises que possible. Toutefois, nous ne sommes pas l\u00e9galement li\u00e9s par ces informations, descriptions ou images, car nous ne pouvons pas garantir l'exactitude de tous les services que nous fournissons. Vous acceptez d'acheter des services sur notre site \u00e0 vos propres risques.<\/p>\n\n\n\n<p>Nous nous r\u00e9servons le droit de modifier, de refuser ou d'annuler votre commande chaque fois que cela s'av\u00e8re n\u00e9cessaire. Si nous annulons votre commande et que nous avons d\u00e9j\u00e0 trait\u00e9 votre paiement, nous vous rembourserons le montant que vous avez pay\u00e9. Vous acceptez qu'il est de votre responsabilit\u00e9 de surveiller votre instrument de paiement pour v\u00e9rifier la r\u00e9ception de tout remboursement.<\/p>\n\n\n\n<h3 class=\"wp-block-heading\">Paiements <\/h3>\n\n\n\n<p>Nous acceptons les modes de paiement suivants sur notre site :<\/p>\n\n\n\n<p>- PayPal.<\/p>\n\n\n\n<p>Lorsque vous nous fournissez vos informations de paiement, vous nous autorisez \u00e0 utiliser l'instrument de paiement que vous avez choisi et \u00e0 y acc\u00e9der. En nous fournissant vos informations de paiement, vous nous autorisez \u00e0 d\u00e9biter le montant d\u00fb sur cet instrument de paiement. Si nous estimons que votre paiement est contraire \u00e0 la loi ou aux pr\u00e9sentes conditions g\u00e9n\u00e9rales, nous nous r\u00e9servons le droit d'annuler ou de contrepasser votre transaction.<\/p>\n\n\n\n<h3 class=\"wp-block-heading\">Droit de la protection des consommateurs <\/h3>\n\n\n\n<p>Lorsque la loi sur la protection des consommateurs (Consumer Protection Act) ou toute autre loi sur la protection des consommateurs dans votre juridiction s'applique et ne peut \u00eatre exclue, les pr\u00e9sentes conditions g\u00e9n\u00e9rales ne limiteront pas vos droits et recours l\u00e9gaux en vertu de cette l\u00e9gislation. Les pr\u00e9sentes conditions g\u00e9n\u00e9rales seront lues sous r\u00e9serve des dispositions obligatoires de<\/p>\n\n\n\n<p>cette l\u00e9gislation. En cas de conflit entre les pr\u00e9sentes conditions g\u00e9n\u00e9rales et cette l\u00e9gislation, les dispositions obligatoires de la l\u00e9gislation s'appliqueront.<\/p>\n\n\n\n<h3 class=\"wp-block-heading\">Liens vers d'autres sites web <\/h3>\n\n\n\n<p>Notre site contient des liens vers des sites web ou des services de tiers que nous ne poss\u00e9dons pas et ne contr\u00f4lons pas. Nous ne sommes pas responsables du contenu, des politiques ou des pratiques des sites web ou des services de tiers li\u00e9s \u00e0 notre site. Il vous incombe de lire les conditions g\u00e9n\u00e9rales et les politiques de confidentialit\u00e9 de ces sites tiers avant de les utiliser.<\/p>\n\n\n\n<h3 class=\"wp-block-heading\">Limitation de la responsabilit\u00e9 <\/h3>\n\n\n\n<p>Claude Gagne et nos administrateurs, dirigeants, agents, employ\u00e9s, filiales et soci\u00e9t\u00e9s affili\u00e9es ne seront pas responsables des actions, r\u00e9clamations, pertes, dommages, responsabilit\u00e9s et d\u00e9penses, y compris les frais juridiques, r\u00e9sultant de votre utilisation du site.<\/p>\n\n\n\n<h3 class=\"wp-block-heading\">Indemnit\u00e9 <\/h3>\n\n\n\n<p>Sauf si la loi l'interdit, en utilisant ce Site, vous indemnisez et d\u00e9gagez de toute responsabilit\u00e9 Claude Gagne et nos administrateurs, dirigeants, agents, employ\u00e9s, filiales et soci\u00e9t\u00e9s affili\u00e9es de toute action, r\u00e9clamation, perte, dommage, responsabilit\u00e9 et d\u00e9pense, y compris les frais de justice, r\u00e9sultant de votre utilisation de notre Site ou de votre violation des pr\u00e9sentes Conditions g\u00e9n\u00e9rales d'utilisation.<\/p>\n\n\n\n<h3 class=\"wp-block-heading\">Droit applicable <\/h3>\n\n\n\n<p>Les pr\u00e9sentes conditions sont r\u00e9gies par les lois de la province de l'Ontario.<\/p>\n\n\n\n<h3 class=\"wp-block-heading\">S\u00e9v\u00e9rit\u00e9 <\/h3>\n\n\n\n<p>Si, \u00e0 un moment quelconque, l'une des dispositions \u00e9nonc\u00e9es dans les pr\u00e9sentes conditions g\u00e9n\u00e9rales s'av\u00e8re incompatible ou invalide au regard des lois applicables, cette disposition sera consid\u00e9r\u00e9e comme nulle et sera supprim\u00e9e des pr\u00e9sentes conditions g\u00e9n\u00e9rales. Toutes les autres dispositions ne seront pas affect\u00e9es par cette suppression et le reste des pr\u00e9sentes conditions g\u00e9n\u00e9rales sera toujours consid\u00e9r\u00e9 comme valide.<\/p>\n\n\n\n<h3 class=\"wp-block-heading\">Changements <\/h3>\n\n\n\n<p>Les pr\u00e9sentes conditions g\u00e9n\u00e9rales peuvent \u00eatre modifi\u00e9es de temps \u00e0 autre afin de rester conformes \u00e0 la loi et de refl\u00e9ter tout changement dans la mani\u00e8re dont nous exploitons notre site et dans la mani\u00e8re dont nous attendons des utilisateurs qu'ils se comportent sur notre site. Nous informerons les utilisateurs par courrier \u00e9lectronique des modifications apport\u00e9es aux pr\u00e9sentes conditions g\u00e9n\u00e9rales ou publierons un avis sur notre site.<\/p>\n\n\n\n<h3 class=\"wp-block-heading\">Coordonn\u00e9es <\/h3>\n\n\n\n<p>N'h\u00e9sitez pas \u00e0 nous contacter si vous avez des questions ou des pr\u00e9occupations. Nos coordonn\u00e9es sont les suivantes : (514) 975-8267 coolerklr@gmail.com 894 Lalonde Rd L'Orignal, ON K0B 1K0<\/p>\n\n\n\n<p>Vous pouvez \u00e9galement nous contacter par le biais du formulaire de retour d'information disponible sur notre site.<\/p>\n\n\n\n<p>Date d'entr\u00e9e en vigueur : 29e jour de f\u00e9vrier 2024<\/p>\n\n\n\n<p>2002-2024 LawDepot.ca\u00ae<\/p>\n<\/div>\n<\/section>","protected":false},"excerpt":{"rendered":"","protected":false},"author":5,"featured_media":0,"parent":0,"menu_order":0,"comment_status":"closed","ping_status":"closed","template":"","meta":{"_seopress_robots_primary_cat":"","_seopress_titles_title":"","_seopress_titles_desc":"","_seopress_robots_index":"","footnotes":""},"class_list":["post-5741","page","type-page","status-publish","hentry"],"meta_box":[],"_links":{"self":[{"href":"https:\/\/academieridaventure.com\/fr\/wp-json\/wp\/v2\/pages\/5741","targetHints":{"allow":["GET"]}}],"collection":[{"href":"https:\/\/academieridaventure.com\/fr\/wp-json\/wp\/v2\/pages"}],"about":[{"href":"https:\/\/academieridaventure.com\/fr\/wp-json\/wp\/v2\/types\/page"}],"author":[{"embeddable":true,"href":"https:\/\/academieridaventure.com\/fr\/wp-json\/wp\/v2\/users\/5"}],"replies":[{"embeddable":true,"href":"https:\/\/academieridaventure.com\/fr\/wp-json\/wp\/v2\/comments?post=5741"}],"version-history":[{"count":5,"href":"https:\/\/academieridaventure.com\/fr\/wp-json\/wp\/v2\/pages\/5741\/revisions"}],"predecessor-version":[{"id":6239,"href":"https:\/\/academieridaventure.com\/fr\/wp-json\/wp\/v2\/pages\/5741\/revisions\/6239"}],"wp:attachment":[{"href":"https:\/\/academieridaventure.com\/fr\/wp-json\/wp\/v2\/media?parent=5741"}],"curies":[{"name":"wp","href":"https:\/\/api.w.org\/{rel}","templated":true}]}}