{"id":5386,"date":"2024-02-20T21:48:04","date_gmt":"2024-02-21T02:48:04","guid":{"rendered":"https:\/\/wordpress-403092-4304419.cloudwaysapps.com\/?page_id=5386"},"modified":"2026-04-13T12:29:18","modified_gmt":"2026-04-13T16:29:18","slug":"tours","status":"publish","type":"page","link":"https:\/\/academieridaventure.com\/fr\/packages\/tours\/","title":{"rendered":"Les visites guid\u00e9es"},"content":{"rendered":"<section class=\"wp-block-wp-expert-new-subpage-hero subpage-hero\"> <img loading=\"lazy\" decoding=\"async\" width=\"1440\" height=\"441\" src=\"https:\/\/academieridaventure.com\/wp-content\/uploads\/touring-banner.webp\" class=\"subpage-hero__bg-img wp-image-5395\" alt=\"touring banner\" srcset=\"https:\/\/academieridaventure.com\/wp-content\/uploads\/touring-banner.webp 1440w, https:\/\/academieridaventure.com\/wp-content\/uploads\/touring-banner-300x92.webp 300w, https:\/\/academieridaventure.com\/wp-content\/uploads\/touring-banner-1024x314.webp 1024w, https:\/\/academieridaventure.com\/wp-content\/uploads\/touring-banner-768x235.webp 768w\" sizes=\"auto, (max-width: 1440px) 100vw, 1440px\" \/> <div data-empty-placeholder=\"\" class=\"container\">\n<h1 class=\"wp-block-heading has-white-color has-text-color has-link-color wp-elements-5b5ba2a0e00c45266182fe62c2596f3a\">Les visites guid\u00e9es<\/h1>\n<\/div> <\/section>\n\n\n\n<section class=\"wp-block-wp-expert-new-txt-img-section txt-img-section\"> <div class=\"txt-img-grid\"> <div class=\"txt-img-txt-col\"> <h2>Nos visites.<\/h2> <div class=\"txt-img-txt-col-wrapper\"> <p class=\"txt-img-txt-col-subline\">Voyage sans limites<\/p> <p>Embarquez pour des voyages inoubliables gr\u00e2ce \u00e0 nos circuits de premier ordre. Con\u00e7us pour ceux qui aiment le frisson de l'exploration longue distance, nos circuits proposent des itin\u00e9raires m\u00e9ticuleusement planifi\u00e9s, un aper\u00e7u de la conduite d'endurance et des conseils pour maintenir votre moto en parfait \u00e9tat. Laissez nos guides exp\u00e9riment\u00e9s vous conduire \u00e0 travers des terrains vari\u00e9s et des paysages \u00e0 couper le souffle, pour d\u00e9couvrir de nouvelles aventures et de nouveaux souvenirs en cours de route.<\/p> <\/div> <\/div> <div class=\"txt-img-img-col\"> <img loading=\"lazy\" decoding=\"async\" width=\"300\" height=\"300\" id=\"Group_325\" data-name=\"Group 325\" src=\"https:\/\/academieridaventure.com\/wp-content\/uploads\/tours-cycles-300x300.webp\" class=\"wp-image-5394\" srcset=\"https:\/\/academieridaventure.com\/wp-content\/uploads\/tours-cycles-300x300.webp 300w, https:\/\/academieridaventure.com\/wp-content\/uploads\/tours-cycles-150x150.webp 150w, https:\/\/academieridaventure.com\/wp-content\/uploads\/tours-cycles-768x768.webp 768w, https:\/\/academieridaventure.com\/wp-content\/uploads\/tours-cycles.webp 800w\" sizes=\"auto, (max-width: 300px) 100vw, 300px\" \/> <\/div> <\/div> <\/section>\n\n\n\n<section class=\"wp-block-wp-expert-new-course-section course-sections sec-block-0\"> <div class=\"container\"> <h2>Sur route et hors route :<\/h2> <div data-empty-placeholder=\"\" class=\"course-sections-content\">\n<p class=\"has-brand-1-color has-text-color has-link-color has-large-font-size wp-elements-cca4973151196e9ec369bd717eba6cc7\"><strong>2026 BMW MOTORRAD ADV-X<\/strong>:<\/p>\n\n\n\n<ul class=\"wp-block-list\">\n<li>Inscrivez-vous au BMW Motorrad ADV-X 2026. Du 6 au 12 septembre 2026, vous \u00eates invit\u00e9 \u00e0 vous joindre aux propri\u00e9taires de BMW GS les plus passionn\u00e9s de tout le Canada pour une aventure de six jours dans la magnifique r\u00e9gion de Sun Peaks, en Colombie-Britannique. La BMW Motorrad ADV-X emm\u00e8nera les motocyclistes au c\u0153ur de l'arri\u00e8re-pays de la Colombie-Britannique, o\u00f9 ils auront l'occasion de parcourir une vari\u00e9t\u00e9 d'itin\u00e9raires excitants et stimulants, tout en d\u00e9couvrant certains des panoramas les plus \u00e9poustouflants que le Canada a \u00e0 offrir. Apr\u00e8s chaque journ\u00e9e, les pilotes auront la chance de se d\u00e9tendre et de prendre l'air \u00e0 l'embl\u00e9matique Sun Peaks Resort, nich\u00e9 dans un village de style europ\u00e9en offrant d'innombrables boutiques, caf\u00e9s et restaurants \u00e0 explorer.<\/li>\n\n\n\n<li>Cliquez sur <a href=\"https:\/\/www.bmw-motorrad.ca\/en\/experience\/bmw-motorrad-adv-x.html?fbclid=IwZXh0bgNhZW0CMTEAAR2y7C8xmYnn-pfH2bhQ5RJKtJq2Ly-s3622DLCb38PdV-mHhGo_8vyzM7g_aem_AWKx7_vk3DMtgSN6gH5czC4HVy5xQdwmV8mdkpx3U-2lMggHg27Fy574z3gvxB6Kv9-8VzoALE-0EqOhCShs8eKp#\/section-register-now-to-secure-your-place-on-the-trail\">ici<\/a> pour plus d'informations sur ce voyage extraordinaire.<\/li>\n\n\n\n<li>Il s'agit v\u00e9ritablement d'une aventure en moto sans pareille.&nbsp;<a href=\"https:\/\/adv-x.myshopify.com\/products\/adv-x-tickets\" target=\"_blank\" rel=\"noreferrer noopener\">S'inscrire<\/a>&nbsp;pour en faire l'exp\u00e9rience !<\/li>\n<\/ul>\n\n\n\n<p><strong>Excursions en moto sur route<\/strong>:<\/p>\n\n\n\n<ul class=\"wp-block-list\">\n<li><em>D\u00e9couvrir les routes panoramiques<\/em>: Embarquez pour un voyage exaltant le long de routes sinueuses, de vall\u00e9es pittoresques et de villes charmantes. Nos circuits en moto sur route offrent un m\u00e9lange parfait d'aventure et de confort. Sentez le vent sur votre visage tandis que vous explorez des routes embl\u00e9matiques et admirez des panoramas \u00e0 couper le souffle. Que vous soyez un motard chevronn\u00e9 ou un novice, nos guides experts vous garantissent une exp\u00e9rience m\u00e9morable.<\/li>\n\n\n\n<li><em>Croisi\u00e8re \u00e0 travers l'histoire<\/em>: Remontez le temps en suivant des itin\u00e9raires historiques, en vous arr\u00eatant dans des caf\u00e9s pittoresques, des sites historiques et des joyaux cach\u00e9s. Nos circuits routiers combinent le plaisir de la moto et l'immersion culturelle. Des autoroutes c\u00f4ti\u00e8res aux cols de montagne, chaque circuit d\u00e9voile un nouveau chapitre de votre aventure.<\/li>\n\n\n\n<li><em>Luxe et loisirs<\/em>: Laissez-vous tenter par les choses les plus raffin\u00e9es tout en roulant sur des routes tranquilles. Nos circuits routiers comprennent des h\u00e9bergements haut de gamme, des repas gastronomiques et un service personnalis\u00e9. Apr\u00e8s une journ\u00e9e de randonn\u00e9e, d\u00e9tendez-vous dans des lodges confortables ou des h\u00f4tels de charme. Il ne s'agit pas seulement d'un circuit, mais d'un mode de vie.<\/li>\n<\/ul>\n\n\n\n<p><strong>Aventures en moto tout-terrain<\/strong>:<\/p>\n\n\n\n<ul class=\"wp-block-list\">\n<li><em>Conqu\u00e9rir le terrain sauvage<\/em>: Attachez votre casque et sortez des sentiers battus. Nos aventures en moto tout-terrain vous emm\u00e8nent au c\u0153ur de paysages accident\u00e9s - for\u00eats denses, sentiers rocailleux et travers\u00e9es de rivi\u00e8res. L'adr\u00e9naline monte au fur et \u00e0 mesure que vous avancez sur des terrains difficiles. Notre flotte de motos d'aventure est \u00e9quip\u00e9e pour la route et le sentier, ce qui vous garantit une exp\u00e9rience in\u00e9gal\u00e9e.<\/li>\n\n\n\n<li><em>Sur les traces de la libert\u00e9<\/em>: Laissez l'asphalte derri\u00e8re vous et explorez les endroits o\u00f9 peu de gens osent s'aventurer. Nos circuits tout-terrain vous conduisent dans des r\u00e9gions sauvages recul\u00e9es, o\u00f9 la faune et la flore \u00e9voluent librement et o\u00f9 la beaut\u00e9 intacte vous entoure. Accompagnez des guides exp\u00e9riment\u00e9s qui partagent leur passion pour l'exploration.<\/li>\n<\/ul>\n\n\n\n<p>Choisissez votre aventure - qu'il s'agisse de la route ouverte ou de la nature sauvage, nous avons un circuit moto qui alimente votre passion. R\u00e9servez d\u00e8s maintenant et roulez au gr\u00e9 du vent !<\/p>\n<\/div> <\/div> <\/section>\n\n\n\n<section class=\"wp-block-wp-expert-new-pricing-section pricing-section\"> <div class=\"container\"> <h2>Prix et options<\/h2> <div class=\"pricing-grid\">\n<div class=\"wp-block-wp-expert-new-pricing-card pricing-card\"> <h3>Sur route<\/h3> <div data-empty-placeholder=\"\" class=\"pricing-card-content\">\n<ul class=\"wp-block-list\">\n<li>Prochainement...<\/li>\n<\/ul>\n<\/div> <\/div>\n\n\n\n<div class=\"wp-block-wp-expert-new-pricing-card pricing-card\"> <h3>Tout-terrain<\/h3> <div data-empty-placeholder=\"\" class=\"pricing-card-content\">\n<ul class=\"wp-block-list\">\n<li>Bient\u00f4t disponible,,,<\/li>\n<\/ul>\n<\/div> <\/div>\n<\/div> <\/div> <\/section>\n\n\n\n<section class=\"wp-block-wp-expert-new-package-banner package-banner\"> <img loading=\"lazy\" decoding=\"async\" width=\"1440\" height=\"484\" src=\"https:\/\/academieridaventure.com\/wp-content\/uploads\/tours-banner-1.webp\" class=\"package-banner-bg-img wp-image-5397\" alt=\"tours banner\" srcset=\"https:\/\/academieridaventure.com\/wp-content\/uploads\/tours-banner-1.webp 1440w, https:\/\/academieridaventure.com\/wp-content\/uploads\/tours-banner-1-300x101.webp 300w, https:\/\/academieridaventure.com\/wp-content\/uploads\/tours-banner-1-1024x344.webp 1024w, https:\/\/academieridaventure.com\/wp-content\/uploads\/tours-banner-1-768x258.webp 768w\" sizes=\"auto, (max-width: 1440px) 100vw, 1440px\" \/> <div class=\"package-banner-overlay\"> <div class=\"container\">\n<h2 class=\"wp-block-heading has-white-color has-text-color has-link-color wp-elements-dac53253652ae6548742c1e422af3da7\">Informations compl\u00e9mentaires<\/h2>\n\n\n\n<ul class=\"wp-block-list\">\n<li>Bient\u00f4t disponible<\/li>\n<\/ul>\n<\/div> <\/div> <\/section>\n\n\n\n<section class=\"wp-block-wp-expert-new-cta-section cta-section\"> <div class=\"container\"> <div class=\"cta-titles\"> <h2>Pr\u00eat pour un voyage extraordinaire ?<\/h2> <h3 class=\"display-none\">h3 titre<\/h3> <\/div> <div data-empty-placeholder=\"\" class=\"cta-content\">\n<p>Inscrivez-vous d\u00e8s maintenant pour vivre une aventure inoubliable. Qu'il s'agisse d'un circuit sur route ou hors route, votre voyage commence ici, \u00e0 l'Acad\u00e9mie Ridaventure.<\/p>\n\n\n\n<a href=\"\/fr\/register\/\" class=\"wp-block-wp-expert-new-btn btn fit-content max-width-550 btnu002du002dsecond btn--second\">S'inscrire<\/a>\n<\/div> <\/div> <\/section>","protected":false},"excerpt":{"rendered":"","protected":false},"author":5,"featured_media":0,"parent":5077,"menu_order":0,"comment_status":"closed","ping_status":"closed","template":"","meta":{"_seopress_robots_primary_cat":"","_seopress_titles_title":"Unforgettable Motorcycle Tours | Acad\u00e9mie Ridaventure","_seopress_titles_desc":"Embark on premier motorcycle tours with experienced guides, offering on and off-road adventures, luxury accommodations, and breathtaking landscapes.","_seopress_robots_index":"","footnotes":""},"class_list":["post-5386","page","type-page","status-publish","hentry"],"meta_box":[],"_links":{"self":[{"href":"https:\/\/academieridaventure.com\/fr\/wp-json\/wp\/v2\/pages\/5386","targetHints":{"allow":["GET"]}}],"collection":[{"href":"https:\/\/academieridaventure.com\/fr\/wp-json\/wp\/v2\/pages"}],"about":[{"href":"https:\/\/academieridaventure.com\/fr\/wp-json\/wp\/v2\/types\/page"}],"author":[{"embeddable":true,"href":"https:\/\/academieridaventure.com\/fr\/wp-json\/wp\/v2\/users\/5"}],"replies":[{"embeddable":true,"href":"https:\/\/academieridaventure.com\/fr\/wp-json\/wp\/v2\/comments?post=5386"}],"version-history":[{"count":16,"href":"https:\/\/academieridaventure.com\/fr\/wp-json\/wp\/v2\/pages\/5386\/revisions"}],"predecessor-version":[{"id":6477,"href":"https:\/\/academieridaventure.com\/fr\/wp-json\/wp\/v2\/pages\/5386\/revisions\/6477"}],"up":[{"embeddable":true,"href":"https:\/\/academieridaventure.com\/fr\/wp-json\/wp\/v2\/pages\/5077"}],"wp:attachment":[{"href":"https:\/\/academieridaventure.com\/fr\/wp-json\/wp\/v2\/media?parent=5386"}],"curies":[{"name":"wp","href":"https:\/\/api.w.org\/{rel}","templated":true}]}}