{"id":5378,"date":"2024-02-20T21:42:22","date_gmt":"2024-02-21T02:42:22","guid":{"rendered":"https:\/\/wordpress-403092-4304419.cloudwaysapps.com\/?page_id=5378"},"modified":"2024-05-08T16:51:37","modified_gmt":"2024-05-08T20:51:37","slug":"on-road-training","status":"publish","type":"page","link":"https:\/\/academieridaventure.com\/fr\/packages\/on-road-training\/","title":{"rendered":"Formation sur route"},"content":{"rendered":"<section class=\"wp-block-wp-expert-new-subpage-hero subpage-hero\"> <img loading=\"lazy\" decoding=\"async\" width=\"1440\" height=\"376\" src=\"https:\/\/academieridaventure.com\/wp-content\/uploads\/on-road-banner.webp\" class=\"subpage-hero__bg-img wp-image-5380\" alt=\"on road banner\" srcset=\"https:\/\/academieridaventure.com\/wp-content\/uploads\/on-road-banner.webp 1440w, https:\/\/academieridaventure.com\/wp-content\/uploads\/on-road-banner-300x78.webp 300w, https:\/\/academieridaventure.com\/wp-content\/uploads\/on-road-banner-1024x267.webp 1024w, https:\/\/academieridaventure.com\/wp-content\/uploads\/on-road-banner-768x201.webp 768w\" sizes=\"auto, (max-width: 1440px) 100vw, 1440px\" \/> <div data-empty-placeholder=\"\" class=\"container\">\n<h1 class=\"wp-block-heading has-white-color has-text-color has-link-color wp-elements-c97fefd5f38737f9b44b8069eec5d797\">Formation sur route<\/h1>\n<\/div> <\/section>\n\n\n\n<section class=\"wp-block-wp-expert-new-txt-img-section txt-img-section\"> <div class=\"txt-img-grid\"> <div class=\"txt-img-txt-col\"> <h2>L'\u00e9l\u00e9gance sur route.<\/h2> <div class=\"txt-img-txt-col-wrapper\"> <p class=\"txt-img-txt-col-subline\">Ma\u00eetriser la route<\/p> <p>Explorez l'art de la conduite sur route avec le forfait Pr\u00e9cision sur route de l'Acad\u00e9mie Ridaventure. Parfait pour les adeptes de la ville et de l'autoroute, ce cours vous permet d'aiguiser vos comp\u00e9tences en mati\u00e8re de navigation dans la circulation, d'adaptation \u00e0 l'\u00e9tat de la route et de s\u00e9curit\u00e9. Dirig\u00e9 par des instructeurs experts, il s'agit d'un parcours id\u00e9al pour les nouveaux conducteurs et les conducteurs chevronn\u00e9s afin d'am\u00e9liorer leurs prouesses sur la route.<\/p> <\/div> <\/div> <div class=\"txt-img-img-col\"> <img loading=\"lazy\" decoding=\"async\" width=\"600\" height=\"600\" id=\"Group_325\" data-name=\"Group 325\" src=\"https:\/\/academieridaventure.com\/wp-content\/uploads\/on-road-motor.webp\" class=\"wp-image-5381\" srcset=\"https:\/\/academieridaventure.com\/wp-content\/uploads\/on-road-motor.webp 600w, https:\/\/academieridaventure.com\/wp-content\/uploads\/on-road-motor-300x300.webp 300w, https:\/\/academieridaventure.com\/wp-content\/uploads\/on-road-motor-150x150.webp 150w\" sizes=\"auto, (max-width: 600px) 100vw, 600px\" \/> <\/div> <\/div> <\/section>\n\n\n\n<section class=\"wp-block-wp-expert-new-course-section course-sections sec-block-0\"> <div class=\"container\"> <h2>Niveau 1 Contenu du cours :<\/h2> <div data-empty-placeholder=\"\" class=\"course-sections-content\">\n<p><strong>LES TECHNIQUES ENSEIGN\u00c9ES :<\/strong><\/p>\n\n\n\n<ul class=\"wp-block-list\">\n<li>Exercices d'\u00e9chauffement<\/li>\n\n\n\n<li>Mat\u00e9riel n\u00e9cessaire<\/li>\n\n\n\n<li>Position id\u00e9ale sur la moto<\/li>\n\n\n\n<li>Freiner avec ou sans ABS et pourquoi<\/li>\n\n\n\n<li>Freinage d'urgence<\/li>\n\n\n\n<li>Quatre styles diff\u00e9rents pour aborder les courbes<\/li>\n\n\n\n<li>Comment \u00e9viter un obstacle (contreventement)<\/li>\n\n\n\n<li>Maniement \u00e0 faible vitesse<\/li>\n\n\n\n<li>Compr\u00e9hension de l'adh\u00e9sion<\/li>\n\n\n\n<li>O\u00f9 chercher et comment \u00eatre vu<\/li>\n\n\n\n<li>Et plus encore!<\/li>\n<\/ul>\n\n\n\n<p><strong>LES QUALIFICATIONS :<\/strong><\/p>\n\n\n\n<ul class=\"wp-block-list\">\n<li>Poss\u00e9der un permis moto M1 ou \u00e9quivalent et avoir au moins un an d'exp\u00e9rience de la conduite.<\/li>\n\n\n\n<li>Poss\u00e9der une assurance moto valide<\/li>\n\n\n\n<li>Disposer de l'\u00e9quipement n\u00e9cessaire (casque, gants, bottes, manteau, pantalon, lunettes)<\/li>\n<\/ul>\n<\/div> <\/div> <\/section>\n\n\n\n<section class=\"wp-block-wp-expert-new-pricing-section pricing-section\"> <div class=\"container\"> <h2>Prix et options<\/h2> <div class=\"pricing-grid\">\n<div class=\"wp-block-wp-expert-new-pricing-card pricing-card\"> <h3>Niveau 1 ON-Road (1 jour) :<\/h3> <div data-empty-placeholder=\"\" class=\"pricing-card-content\">\n<ul class=\"wp-block-list\">\n<li>Particulier : $459<\/li>\n\n\n\n<li>Semi-priv\u00e9 (2-4 personnes) : $379<\/li>\n\n\n\n<li>Groupe (6-12 personnes) : $299<\/li>\n<\/ul>\n<\/div> <\/div>\n<\/div> <\/div> <\/section>\n\n\n\n<section class=\"wp-block-wp-expert-new-package-banner package-banner\"> <img loading=\"lazy\" decoding=\"async\" width=\"1440\" height=\"484\" src=\"https:\/\/academieridaventure.com\/wp-content\/uploads\/on-road-banner-1.webp\" class=\"package-banner-bg-img wp-image-5390\" alt=\"on road banner\" srcset=\"https:\/\/academieridaventure.com\/wp-content\/uploads\/on-road-banner-1.webp 1440w, https:\/\/academieridaventure.com\/wp-content\/uploads\/on-road-banner-1-300x101.webp 300w, https:\/\/academieridaventure.com\/wp-content\/uploads\/on-road-banner-1-1024x344.webp 1024w, https:\/\/academieridaventure.com\/wp-content\/uploads\/on-road-banner-1-768x258.webp 768w\" sizes=\"auto, (max-width: 1440px) 100vw, 1440px\" \/> <div class=\"package-banner-overlay\"> <div class=\"container\">\n<h2 class=\"wp-block-heading has-white-color has-text-color has-link-color wp-elements-dac53253652ae6548742c1e422af3da7\">Informations compl\u00e9mentaires<\/h2>\n\n\n\n<ul class=\"wp-block-list\">\n<li>Lieux de formation flexibles : Possibilit\u00e9 d'organiser la formation sur des sites appropri\u00e9s fournis par vous.<\/li>\n\n\n\n<li>Options linguistiques : La formation est disponible en anglais ou en fran\u00e7ais au Qu\u00e9bec et en Ontario.<\/li>\n\n\n\n<li>Remboursement 100% - Plus de 30 jours avant la date pr\u00e9vue du cours. Remboursement 50% - 15 \u00e0 29 jours avant la date pr\u00e9vue du cours. Pas de remboursement - Moins de 15 jours avant la date pr\u00e9vue du cours. Nous essayons de nous adapter aux changements de date de cours, si possible, en offrant gratuitement le d\u00e9placement \u00e0 une autre date durant l\u2019ann\u00e9e<\/li>\n<\/ul>\n<\/div> <\/div> <\/section>\n\n\n\n<section class=\"wp-block-wp-expert-new-cta-section cta-section\"> <div class=\"container\"> <div class=\"cta-titles\"> <h2>Pr\u00eat \u00e0 affronter les rues ?<\/h2> <h3 class=\"display-none\">h3 titre<\/h3> <\/div> <div data-empty-placeholder=\"\" class=\"cta-content\">\n<p>Inscrivez-vous d\u00e8s maintenant \u00e0 une aventure sur route inoubliable et \u00e9levez vos comp\u00e9tences de conduite \u00e0 de nouveaux sommets. Que ce soit dans un cadre priv\u00e9, semi-priv\u00e9 ou en groupe, votre voyage sur route vers la ma\u00eetrise commence ici \u00e0 l'Acad\u00e9mie Ridaventure.<\/p>\n\n\n\n<a href=\"\/fr\/register\/\" class=\"wp-block-wp-expert-new-btn btn fit-content max-width-550 btnu002du002dsecond btn--second\">S'inscrire<\/a>\n<\/div> <\/div> <\/section>","protected":false},"excerpt":{"rendered":"","protected":false},"author":5,"featured_media":0,"parent":5077,"menu_order":0,"comment_status":"closed","ping_status":"closed","template":"","meta":{"_seopress_robots_primary_cat":"","_seopress_titles_title":"Master On-Road Riding | Acad\u00e9mie Ridaventure","_seopress_titles_desc":"Elevate your urban and highway riding skills with our On-Road Precision package, led by expert instructors for both new and seasoned riders.","_seopress_robots_index":"","footnotes":""},"class_list":["post-5378","page","type-page","status-publish","hentry"],"meta_box":[],"_links":{"self":[{"href":"https:\/\/academieridaventure.com\/fr\/wp-json\/wp\/v2\/pages\/5378","targetHints":{"allow":["GET"]}}],"collection":[{"href":"https:\/\/academieridaventure.com\/fr\/wp-json\/wp\/v2\/pages"}],"about":[{"href":"https:\/\/academieridaventure.com\/fr\/wp-json\/wp\/v2\/types\/page"}],"author":[{"embeddable":true,"href":"https:\/\/academieridaventure.com\/fr\/wp-json\/wp\/v2\/users\/5"}],"replies":[{"embeddable":true,"href":"https:\/\/academieridaventure.com\/fr\/wp-json\/wp\/v2\/comments?post=5378"}],"version-history":[{"count":14,"href":"https:\/\/academieridaventure.com\/fr\/wp-json\/wp\/v2\/pages\/5378\/revisions"}],"predecessor-version":[{"id":6328,"href":"https:\/\/academieridaventure.com\/fr\/wp-json\/wp\/v2\/pages\/5378\/revisions\/6328"}],"up":[{"embeddable":true,"href":"https:\/\/academieridaventure.com\/fr\/wp-json\/wp\/v2\/pages\/5077"}],"wp:attachment":[{"href":"https:\/\/academieridaventure.com\/fr\/wp-json\/wp\/v2\/media?parent=5378"}],"curies":[{"name":"wp","href":"https:\/\/api.w.org\/{rel}","templated":true}]}}