{"id":4701,"date":"2024-02-12T16:21:56","date_gmt":"2024-02-12T21:21:56","guid":{"rendered":"https:\/\/wordpress-403092-4304419.cloudwaysapps.com\/?page_id=4701"},"modified":"2026-04-13T12:27:17","modified_gmt":"2026-04-13T16:27:17","slug":"partners","status":"publish","type":"page","link":"https:\/\/academieridaventure.com\/fr\/partners\/","title":{"rendered":"Partenaires"},"content":{"rendered":"<section class=\"wp-block-wp-expert-new-subpage-hero subpage-hero\"> <img loading=\"lazy\" decoding=\"async\" width=\"1440\" height=\"499\" src=\"https:\/\/academieridaventure.com\/wp-content\/uploads\/partners-banner.webp\" class=\"subpage-hero__bg-img wp-image-5497\" alt=\"partners banner\" srcset=\"https:\/\/academieridaventure.com\/wp-content\/uploads\/partners-banner.webp 1440w, https:\/\/academieridaventure.com\/wp-content\/uploads\/partners-banner-300x104.webp 300w, https:\/\/academieridaventure.com\/wp-content\/uploads\/partners-banner-1024x355.webp 1024w, https:\/\/academieridaventure.com\/wp-content\/uploads\/partners-banner-768x266.webp 768w\" sizes=\"auto, (max-width: 1440px) 100vw, 1440px\" \/> <div data-empty-placeholder=\"\" class=\"container\">\n<h1 class=\"wp-block-heading has-white-color has-text-color has-link-color wp-elements-ddae6ab7c122dbe1aefed65e1849d8e1\">Rouler ensemble :<\/h1>\n\n\n\n<h2 class=\"wp-block-heading has-white-color has-text-color has-link-color wp-elements-2af07865031630f80d41dfd1e148151a\">Nos chers partenaires<\/h2>\n<\/div> <\/section>\n\n\n\n<section class=\"wp-block-wp-expert-new-section-container\"> <div class=\"container column-center\">\n<p class=\"has-text-align-center\">Bienvenue \u00e0 notre page Partenaires, qui t\u00e9moigne des alliances et des collaborations solides qui animent l'Acad\u00e9mie Ridaventure. Nous y pr\u00e9sentons fi\u00e8rement les logos de nos pr\u00e9cieux partenaires, qui jouent tous un r\u00f4le essentiel dans l'am\u00e9lioration de nos programmes de formation et dans l'enrichissement de l'exp\u00e9rience de conduite de nos \u00e9l\u00e8ves. Ces partenariats refl\u00e8tent notre engagement en faveur de la qualit\u00e9, de l'innovation et de la passion commune pour le monde de la moto. D\u00e9couvrez le r\u00e9seau qui nous aide \u00e0 offrir l'excellence en mati\u00e8re de formation et d'aventure \u00e0 moto.<\/p>\n\n\n\n<div class=\"wp-block-wp-expert-new-logo-grid logo-grid\"><a class=\"wp-block-wp-expert-new-logo wp-image-5478 wp-block-wp-expert-new-logo\" href=\"https:\/\/www.bmw-motorrad.ca\/\" target=\"_blank\"><img loading=\"lazy\" decoding=\"async\" width=\"200\" height=\"204\" src=\"https:\/\/academieridaventure.com\/wp-content\/uploads\/bmwcanada.webp\" class=\"wp-image-5478\" alt=\"bmwcanada\"><\/a>\n\n<a class=\"wp-block-wp-expert-new-logo wp-image-5472 wp-block-wp-expert-new-logo\" href=\"https:\/\/www.motogabriel.com\/\" target=\"_blank\"><img loading=\"lazy\" decoding=\"async\" width=\"199\" height=\"55\" src=\"https:\/\/academieridaventure.com\/wp-content\/uploads\/motogabriel.webp\" class=\"wp-image-5472\" alt=\"motogabriel\"><\/a>\n\n<a class=\"wp-block-wp-expert-new-logo wp-image-5476 wp-block-wp-expert-new-logo\" href=\"https:\/\/www.ottawagoodtime.com\/\" target=\"_blank\"><img loading=\"lazy\" decoding=\"async\" width=\"200\" height=\"68\" src=\"https:\/\/academieridaventure.com\/wp-content\/uploads\/goodtime.webp\" class=\"wp-image-5476\" alt=\"goodtime\"><\/a>\n\n<a class=\"wp-block-wp-expert-new-logo wp-image-5477 wp-block-wp-expert-new-logo\" href=\"https:\/\/www.fqmhr.qc.ca\/\" target=\"_blank\"><img loading=\"lazy\" decoding=\"async\" width=\"200\" height=\"62\" src=\"https:\/\/academieridaventure.com\/wp-content\/uploads\/fqmhr.webp\" class=\"wp-image-5477\" alt=\"fqmhr\"><\/a>\n\n<a class=\"wp-block-wp-expert-new-logo wp-image-5475 wp-block-wp-expert-new-logo\" href=\"http:\/\/www.klim.com\/\" target=\"_blank\"><img loading=\"lazy\" decoding=\"async\" width=\"200\" height=\"50\" src=\"https:\/\/academieridaventure.com\/wp-content\/uploads\/klim.webp\" class=\"wp-image-5475\" alt=\"klim\"><\/a>\n\n<a class=\"wp-block-wp-expert-new-logo wp-image-5470 wp-block-wp-expert-new-logo\" href=\"http:\/\/www.ridaventure.ca\/\" target=\"_blank\"><img loading=\"lazy\" decoding=\"async\" width=\"200\" height=\"213\" src=\"https:\/\/academieridaventure.com\/wp-content\/uploads\/ridaventure.webp\" class=\"wp-image-5470\" alt=\"ridaventure\"><\/a>\n\n<a class=\"wp-block-wp-expert-new-logo wp-image-5469 wp-block-wp-expert-new-logo\" href=\"https:\/\/shop.touratech-canada.com\/\" target=\"_blank\"><img loading=\"lazy\" decoding=\"async\" width=\"200\" height=\"200\" src=\"https:\/\/academieridaventure.com\/wp-content\/uploads\/touratech.webp\" class=\"wp-image-5469\" alt=\"touratech\" srcset=\"https:\/\/academieridaventure.com\/wp-content\/uploads\/touratech.webp 200w, https:\/\/academieridaventure.com\/wp-content\/uploads\/touratech-150x150.webp 150w\" sizes=\"auto, (max-width: 200px) 100vw, 200px\" \/><\/a>\n\n<a class=\"wp-block-wp-expert-new-logo wp-image-5468 wp-block-wp-expert-new-logo\" href=\"https:\/\/motomotto.ca\/collections\/vitae-soul\" target=\"_blank\"><img loading=\"lazy\" decoding=\"async\" width=\"200\" height=\"200\" src=\"https:\/\/academieridaventure.com\/wp-content\/uploads\/vitae.webp\" class=\"wp-image-5468\" alt=\"vitae\" srcset=\"https:\/\/academieridaventure.com\/wp-content\/uploads\/vitae.webp 200w, https:\/\/academieridaventure.com\/wp-content\/uploads\/vitae-150x150.webp 150w\" sizes=\"auto, (max-width: 200px) 100vw, 200px\" \/><\/a>\n\n<a class=\"wp-block-wp-expert-new-logo wp-image-5474 wp-block-wp-expert-new-logo\" href=\"https:\/\/bmw-motorrad-club-quebec.ca\/\" target=\"_blank\"><img loading=\"lazy\" decoding=\"async\" width=\"200\" height=\"200\" src=\"https:\/\/academieridaventure.com\/wp-content\/uploads\/logobmwclub.webp\" class=\"wp-image-5474\" alt=\"logobmwclub\" srcset=\"https:\/\/academieridaventure.com\/wp-content\/uploads\/logobmwclub.webp 200w, https:\/\/academieridaventure.com\/wp-content\/uploads\/logobmwclub-150x150.webp 150w\" sizes=\"auto, (max-width: 200px) 100vw, 200px\" \/><\/a>\n\n<a class=\"wp-block-wp-expert-new-logo wp-image-5473 wp-block-wp-expert-new-logo\" href=\"https:\/\/www.mecaglisse.com\/en\/\" target=\"_blank\"><img loading=\"lazy\" decoding=\"async\" width=\"200\" height=\"91\" src=\"https:\/\/academieridaventure.com\/wp-content\/uploads\/megaglisse.webp\" class=\"wp-image-5473\" alt=\"megaglisse\"><\/a>\n\n<a class=\"wp-block-wp-expert-new-logo\" href=\"https:\/\/www.ckxgear.com\/fr-ca\/page\/casque-moto-atlas?utm_source=academieridaventure&amp;utm_medium=logo&amp;utm_campaign=ckx_atlas2024\" target=\"_blank\"><img loading=\"lazy\" decoding=\"async\" width=\"1440\" height=\"821\" src=\"https:\/\/academieridaventure.com\/wp-content\/uploads\/ckx_x_2017_blk.png\" class=\"wp-image-6308\" alt=\"ckx x 2017 blk\" srcset=\"https:\/\/academieridaventure.com\/wp-content\/uploads\/ckx_x_2017_blk.png 1440w, https:\/\/academieridaventure.com\/wp-content\/uploads\/ckx_x_2017_blk-300x171.png 300w, https:\/\/academieridaventure.com\/wp-content\/uploads\/ckx_x_2017_blk-1024x584.png 1024w, https:\/\/academieridaventure.com\/wp-content\/uploads\/ckx_x_2017_blk-768x438.png 768w, https:\/\/academieridaventure.com\/wp-content\/uploads\/ckx_x_2017_blk-18x10.png 18w\" sizes=\"auto, (max-width: 1440px) 100vw, 1440px\" \/><\/a>\n\n<a class=\"wp-block-wp-expert-new-logo\" href=\"https:\/\/admorelighting.com\/\" target=\"_blank\"><img loading=\"lazy\" decoding=\"async\" width=\"1003\" height=\"315\" src=\"https:\/\/academieridaventure.com\/wp-content\/uploads\/cropped-admore-lighting-inc-r-1024x500-1.png\" class=\"wp-image-6316\" alt=\"cropped admore lighting inc r 1024x500 1\" srcset=\"https:\/\/academieridaventure.com\/wp-content\/uploads\/cropped-admore-lighting-inc-r-1024x500-1.png 1003w, https:\/\/academieridaventure.com\/wp-content\/uploads\/cropped-admore-lighting-inc-r-1024x500-1-300x94.png 300w, https:\/\/academieridaventure.com\/wp-content\/uploads\/cropped-admore-lighting-inc-r-1024x500-1-768x241.png 768w, https:\/\/academieridaventure.com\/wp-content\/uploads\/cropped-admore-lighting-inc-r-1024x500-1-18x6.png 18w\" sizes=\"auto, (max-width: 1003px) 100vw, 1003px\" \/><\/a>\n\n<a class=\"wp-block-wp-expert-new-logo\" href=\"https:\/\/www.mp2b.ca\/\" target=\"_blank\"><img loading=\"lazy\" decoding=\"async\" width=\"1211\" height=\"278\" src=\"https:\/\/academieridaventure.com\/wp-content\/uploads\/mp2b.jpg\" class=\"wp-image-6350\" alt=\"print\" srcset=\"https:\/\/academieridaventure.com\/wp-content\/uploads\/mp2b.jpg 1211w, https:\/\/academieridaventure.com\/wp-content\/uploads\/mp2b-300x69.jpg 300w, https:\/\/academieridaventure.com\/wp-content\/uploads\/mp2b-1024x235.jpg 1024w, https:\/\/academieridaventure.com\/wp-content\/uploads\/mp2b-768x176.jpg 768w, https:\/\/academieridaventure.com\/wp-content\/uploads\/mp2b-18x4.jpg 18w\" sizes=\"auto, (max-width: 1211px) 100vw, 1211px\" \/><\/a><\/div>\n<\/div> <\/section>\n\n\n\n<div class=\"wp-block-group is-layout-constrained wp-block-group-is-layout-constrained\">\n<div class=\"wp-block-columns is-layout-flex wp-container-core-columns-is-layout-28f84493 wp-block-columns-is-layout-flex\">\n<div class=\"wp-block-column is-layout-flow wp-block-column-is-layout-flow\" style=\"flex-basis:100%\">\n<figure class=\"wp-block-image size-full is-resized\"><img loading=\"lazy\" decoding=\"async\" width=\"323\" height=\"166\" src=\"https:\/\/academieridaventure.com\/wp-content\/uploads\/nadon-2.jpg\" alt=\"nadon 2\" class=\"wp-image-6472\" style=\"aspect-ratio:1.946077437664707;width:195px;height:auto\" srcset=\"https:\/\/academieridaventure.com\/wp-content\/uploads\/nadon-2.jpg 323w, https:\/\/academieridaventure.com\/wp-content\/uploads\/nadon-2-300x154.jpg 300w, https:\/\/academieridaventure.com\/wp-content\/uploads\/nadon-2-18x9.jpg 18w\" sizes=\"auto, (max-width: 323px) 100vw, 323px\" \/><\/figure>\n\n\n\n<figure class=\"wp-block-image size-large is-resized\"><img loading=\"lazy\" decoding=\"async\" width=\"1024\" height=\"518\" src=\"https:\/\/academieridaventure.com\/wp-content\/uploads\/bmwadvx-1024x518.jpg\" alt=\"bmwadvx\" class=\"wp-image-6473\" style=\"aspect-ratio:1.976930596285435;width:200px;height:auto\" srcset=\"https:\/\/academieridaventure.com\/wp-content\/uploads\/bmwadvx-1024x518.jpg 1024w, https:\/\/academieridaventure.com\/wp-content\/uploads\/bmwadvx-300x152.jpg 300w, https:\/\/academieridaventure.com\/wp-content\/uploads\/bmwadvx-768x389.jpg 768w, https:\/\/academieridaventure.com\/wp-content\/uploads\/bmwadvx-18x9.jpg 18w, https:\/\/academieridaventure.com\/wp-content\/uploads\/bmwadvx.jpg 1122w\" sizes=\"auto, (max-width: 1024px) 100vw, 1024px\" \/><\/figure>\n<\/div>\n<\/div>\n<\/div>\n\n\n\n<p><\/p>","protected":false},"excerpt":{"rendered":"","protected":false},"author":5,"featured_media":0,"parent":0,"menu_order":0,"comment_status":"closed","ping_status":"closed","template":"","meta":{"_seopress_robots_primary_cat":"","_seopress_titles_title":"Our Esteemed Partners | Acad\u00e9mie Ridaventure","_seopress_titles_desc":"Discover the strong alliances and collaborations that enhance our training programs and enrich the riding experience for our students.","_seopress_robots_index":"","footnotes":""},"class_list":["post-4701","page","type-page","status-publish","hentry"],"meta_box":[],"_links":{"self":[{"href":"https:\/\/academieridaventure.com\/fr\/wp-json\/wp\/v2\/pages\/4701","targetHints":{"allow":["GET"]}}],"collection":[{"href":"https:\/\/academieridaventure.com\/fr\/wp-json\/wp\/v2\/pages"}],"about":[{"href":"https:\/\/academieridaventure.com\/fr\/wp-json\/wp\/v2\/types\/page"}],"author":[{"embeddable":true,"href":"https:\/\/academieridaventure.com\/fr\/wp-json\/wp\/v2\/users\/5"}],"replies":[{"embeddable":true,"href":"https:\/\/academieridaventure.com\/fr\/wp-json\/wp\/v2\/comments?post=4701"}],"version-history":[{"count":27,"href":"https:\/\/academieridaventure.com\/fr\/wp-json\/wp\/v2\/pages\/4701\/revisions"}],"predecessor-version":[{"id":6476,"href":"https:\/\/academieridaventure.com\/fr\/wp-json\/wp\/v2\/pages\/4701\/revisions\/6476"}],"wp:attachment":[{"href":"https:\/\/academieridaventure.com\/fr\/wp-json\/wp\/v2\/media?parent=4701"}],"curies":[{"name":"wp","href":"https:\/\/api.w.org\/{rel}","templated":true}]}}