{"id":4685,"date":"2024-02-12T16:20:37","date_gmt":"2024-02-12T21:20:37","guid":{"rendered":"https:\/\/wordpress-403092-4304419.cloudwaysapps.com\/?page_id=4685"},"modified":"2024-05-08T16:51:06","modified_gmt":"2024-05-08T20:51:06","slug":"off-road-training","status":"publish","type":"page","link":"https:\/\/academieridaventure.com\/fr\/packages\/off-road-training\/","title":{"rendered":"Formation hors route"},"content":{"rendered":"<section class=\"wp-block-wp-expert-new-subpage-hero subpage-hero\"> <img loading=\"lazy\" decoding=\"async\" width=\"1440\" height=\"398\" src=\"https:\/\/academieridaventure.com\/wp-content\/uploads\/off-road-banner.webp\" class=\"subpage-hero__bg-img wp-image-5264\" alt=\"off road banner\" srcset=\"https:\/\/academieridaventure.com\/wp-content\/uploads\/off-road-banner.webp 1440w, https:\/\/academieridaventure.com\/wp-content\/uploads\/off-road-banner-300x83.webp 300w, https:\/\/academieridaventure.com\/wp-content\/uploads\/off-road-banner-1024x283.webp 1024w, https:\/\/academieridaventure.com\/wp-content\/uploads\/off-road-banner-768x212.webp 768w\" sizes=\"auto, (max-width: 1440px) 100vw, 1440px\" \/> <div data-empty-placeholder=\"\" class=\"container\">\n<h1 class=\"wp-block-heading has-white-color has-text-color has-link-color wp-elements-f448931a1ff4e76bdeb6da4b05576de5\">Entra\u00eenement hors route<\/h1>\n<\/div> <\/section>\n\n\n\n<section class=\"wp-block-wp-expert-new-txt-img-section txt-img-section\"> <div class=\"txt-img-grid\"> <div class=\"txt-img-txt-col\"> <h2>Ma\u00eetrise du tout-terrain.<\/h2> <div class=\"txt-img-txt-col-wrapper\"> <p class=\"txt-img-txt-col-subline\">Conqu\u00e9rir le chemin non pav\u00e9.<\/p> <p>Embarquez pour un voyage exaltant avec nos forfaits hors route \u00e0 l'Acad\u00e9mie Ridaventure. Con\u00e7u pour ceux qui ont soif de sensations fortes sur les sentiers sauvages, ce cours offre un programme complet pour transformer vos comp\u00e9tences en conduite hors route. Que vous soyez d\u00e9butant ou que vous cherchiez \u00e0 raffiner vos techniques, nos instructeurs experts vous guideront \u00e0 travers chaque bosse, chaque virage et chaque d\u00e9fi que pr\u00e9sente le terrain sauvage.<\/p> <\/div> <\/div> <div class=\"txt-img-img-col\"> <img loading=\"lazy\" decoding=\"async\" width=\"300\" height=\"300\" id=\"Group_325\" data-name=\"Group 325\" src=\"https:\/\/academieridaventure.com\/wp-content\/uploads\/off-road-helmet-300x300.webp\" class=\"wp-image-5267\" srcset=\"https:\/\/academieridaventure.com\/wp-content\/uploads\/off-road-helmet-300x300.webp 300w, https:\/\/academieridaventure.com\/wp-content\/uploads\/off-road-helmet-150x150.webp 150w, https:\/\/academieridaventure.com\/wp-content\/uploads\/off-road-helmet.webp 600w\" sizes=\"auto, (max-width: 300px) 100vw, 300px\" \/> <\/div> <\/div> <\/section>\n\n\n\n<section class=\"wp-block-wp-expert-new-course-section course-sections sec-block-0\"> <div class=\"container\"> <h2>Niveau 1 Contenu du cours :<\/h2> <div data-empty-placeholder=\"\" class=\"course-sections-content\">\n<p><strong>LES TECHNIQUES ENSEIGN\u00c9ES :<\/strong><\/p>\n\n\n\n<ul class=\"wp-block-list\">\n<li>Risques - Alcool et drogues.<\/li>\n\n\n\n<li>Explications pour les passagers.<\/li>\n\n\n\n<li>Outils.<\/li>\n\n\n\n<li>Avant le d\u00e9part (qui pr\u00e9venir, pr\u00e9paration).<\/li>\n\n\n\n<li>V\u00eatements.<\/li>\n\n\n\n<li>Pr\u00e9sentation de la moto pour le tout-terrain (r\u00e9glages).<\/li>\n\n\n\n<li>Position sur la moto (haut, bas, acc\u00e9l\u00e9ration).<\/li>\n\n\n\n<li>Le poids de la moto (exercices d'\u00e9quilibre).<\/li>\n\n\n\n<li>Comment r\u00e9cup\u00e9rer la moto et la pr\u00e9parer \u00e0 repartir.<\/li>\n\n\n\n<li>Point de friction de l'embrayage, comment l'utiliser.<\/li>\n\n\n\n<li>Exercices d'\u00e9chauffement.<\/li>\n\n\n\n<li>Slalom \u00e0 basse vitesse (direction Enduro).<\/li>\n\n\n\n<li>Logs parall\u00e8les.<\/li>\n\n\n\n<li>Le 360 (tour complet, verrouillage complet).<\/li>\n\n\n\n<li>Les mont\u00e9es.<\/li>\n\n\n\n<li>Les descentes.<\/li>\n\n\n\n<li>L'arr\u00eat d'urgence en 3 \u00e9tapes.<\/li>\n\n\n\n<li>L'arr\u00eat d'urgence lors d'une mont\u00e9e.<\/li>\n\n\n\n<li>Randonn\u00e9e en sentier<\/li>\n<\/ul>\n\n\n\n<p><strong>LES QUALIFICATIONS :<\/strong><\/p>\n\n\n\n<ul class=\"wp-block-list\">\n<li>Poss\u00e9der un permis moto M1 ou \u00e9quivalent et avoir au moins un an d'exp\u00e9rience de la conduite.<\/li>\n\n\n\n<li>Poss\u00e9der une assurance moto valide<\/li>\n\n\n\n<li>Disposer de l'\u00e9quipement n\u00e9cessaire (casque, gants, bottes, manteau, pantalon, lunettes)<\/li>\n<\/ul>\n<\/div> <\/div> <\/section>\n\n\n\n<section class=\"wp-block-wp-expert-new-course-section course-sections\"> <div class=\"container\"> <h2>Niveau 2 Contenu du cours :<\/h2> <div data-empty-placeholder=\"\" class=\"course-sections-content\">\n<p><strong>LES TECHNIQUES ENSEIGN\u00c9ES :<\/strong><\/p>\n\n\n\n<ul class=\"wp-block-list\">\n<li>R\u00e9vision acc\u00e9l\u00e9r\u00e9e et intense du niveau 1.<\/li>\n\n\n\n<li>Techniques de franchissement des cours d'eau (grands \u00e9tangs, rivi\u00e8res).<\/li>\n\n\n\n<li>Introduction aux techniques de conduite dans le sable.<\/li>\n\n\n\n<li>Techniques de franchissement d'obstacles (troncs d'arbres, rochers).<\/li>\n\n\n\n<li>Techniques de virage \u00e0 180\u00b0.<\/li>\n\n\n\n<li>La glissi\u00e8re de frein tourne.<\/li>\n\n\n\n<li>Les diff\u00e9rents exercices sont adapt\u00e9s par l'instructeur en fonction des comp\u00e9tences de chaque participant.<\/li>\n<\/ul>\n\n\n\n<p><strong>LES QUALIFICATIONS :<\/strong><\/p>\n\n\n\n<ul class=\"wp-block-list\">\n<li>Poss\u00e9der un permis moto M1 ou \u00e9quivalent et avoir au moins un an d'exp\u00e9rience de la conduite.<\/li>\n\n\n\n<li>Poss\u00e9der une assurance moto valide<\/li>\n\n\n\n<li>Disposer de l'\u00e9quipement n\u00e9cessaire (casque, gants, bottes, manteau, pantalon, lunettes)<\/li>\n<\/ul>\n<\/div> <\/div> <\/section>\n\n\n\n<section class=\"wp-block-wp-expert-new-pricing-section pricing-section sec-top-0\"> <div class=\"container\"> <h2>Prix et options<\/h2> <div class=\"pricing-grid\">\n<div class=\"wp-block-wp-expert-new-pricing-card pricing-card\"> <h3>Niveau 1 \u00e0 double usage (1 jour) :<\/h3> <div data-empty-placeholder=\"\" class=\"pricing-card-content\">\n<ul class=\"wp-block-list\">\n<li>Particulier : $459<\/li>\n\n\n\n<li>Semi-priv\u00e9 (2-4 personnes) : $379<\/li>\n\n\n\n<li>Groupe (6-12 personnes) : $299<\/li>\n<\/ul>\n<\/div> <\/div>\n\n\n\n<div class=\"wp-block-wp-expert-new-pricing-card pricing-card\"> <h3>Niveau 1 \u00e0 double usage (2 jours) :<\/h3> <div data-empty-placeholder=\"\" class=\"pricing-card-content\">\n<ul class=\"wp-block-list\">\n<li>Particulier : $749<\/li>\n\n\n\n<li>Semi-priv\u00e9 (2-4 personnes) : $599<\/li>\n<\/ul>\n<\/div> <\/div>\n\n\n\n<div class=\"wp-block-wp-expert-new-pricing-card pricing-card\"> <h3>Niveau 1 Trail (1 jour) :<\/h3> <div data-empty-placeholder=\"\" class=\"pricing-card-content\">\n<ul class=\"wp-block-list\">\n<li>Particulier : $449<\/li>\n<\/ul>\n<\/div> <\/div>\n\n\n\n<div class=\"wp-block-wp-expert-new-pricing-card pricing-card\"> <h3>Niveau 2 \u00e0 double usage (1 jour) :<\/h3> <div data-empty-placeholder=\"\" class=\"pricing-card-content\">\n<ul class=\"wp-block-list\">\n<li>Particulier $479<\/li>\n\n\n\n<li>Semi-priv\u00e9 (2-4 personnes) : $399<\/li>\n\n\n\n<li>Groupe (6-12 personnes) : $329<\/li>\n<\/ul>\n<\/div> <\/div>\n<\/div> <\/div> <\/section>\n\n\n\n<section class=\"wp-block-wp-expert-new-package-banner package-banner\"> <img loading=\"lazy\" decoding=\"async\" width=\"1400\" height=\"539\" src=\"https:\/\/academieridaventure.com\/wp-content\/uploads\/off-road-additional-info.webp\" class=\"package-banner-bg-img wp-image-5342\" alt=\"off road additional info\" srcset=\"https:\/\/academieridaventure.com\/wp-content\/uploads\/off-road-additional-info.webp 1400w, https:\/\/academieridaventure.com\/wp-content\/uploads\/off-road-additional-info-300x116.webp 300w, https:\/\/academieridaventure.com\/wp-content\/uploads\/off-road-additional-info-1024x394.webp 1024w, https:\/\/academieridaventure.com\/wp-content\/uploads\/off-road-additional-info-768x296.webp 768w\" sizes=\"auto, (max-width: 1400px) 100vw, 1400px\" \/> <div class=\"package-banner-overlay\"> <div class=\"container\">\n<h2 class=\"wp-block-heading has-white-color has-text-color has-link-color wp-elements-dac53253652ae6548742c1e422af3da7\">Informations compl\u00e9mentaires<\/h2>\n\n\n\n<ul class=\"wp-block-list\">\n<li>Lieux de formation flexibles : Possibilit\u00e9 d'organiser la formation sur des sites appropri\u00e9s fournis par vous.<\/li>\n\n\n\n<li>Options linguistiques : La formation est disponible en anglais ou en fran\u00e7ais au Qu\u00e9bec et en Ontario.<\/li>\n\n\n\n<li>Remboursement 100% - Plus de 30 jours avant la date pr\u00e9vue du cours. Remboursement 50% - 15 \u00e0 29 jours avant la date pr\u00e9vue du cours. Pas de remboursement - Moins de 15 jours avant la date pr\u00e9vue du cours. Nous essayons de nous adapter aux changements de date de cours, si possible, en offrant gratuitement le d\u00e9placement \u00e0 une autre date durant l\u2019ann\u00e9e<\/li>\n<\/ul>\n<\/div> <\/div> <\/section>\n\n\n\n<section class=\"wp-block-wp-expert-new-cta-section cta-section\"> <div class=\"container\"> <div class=\"cta-titles\"> <h2>Pr\u00eat \u00e0 affronter les pistes ?<\/h2> <h3 class=\"display-none\">h3 titre<\/h3> <\/div> <div data-empty-placeholder=\"\" class=\"cta-content\">\n<p>Inscrivez-vous d\u00e8s maintenant \u00e0 une aventure hors route inoubliable et \u00e9levez vos comp\u00e9tences de pilotage \u00e0 de nouveaux sommets. Que ce soit dans un cadre priv\u00e9, semi-priv\u00e9 ou en groupe, votre voyage hors route vers la ma\u00eetrise commence ici \u00e0 l'Acad\u00e9mie Ridaventure.<\/p>\n\n\n\n<a href=\"\/fr\/register\/\" class=\"wp-block-wp-expert-new-btn btn fit-content max-width-550 btn--second\">S'inscrire<\/a>\n<\/div> <\/div> <\/section>","protected":false},"excerpt":{"rendered":"","protected":false},"author":5,"featured_media":0,"parent":5077,"menu_order":0,"comment_status":"closed","ping_status":"closed","template":"","meta":{"_seopress_robots_primary_cat":"","_seopress_titles_title":"Off-Road Training Mastery | Acad\u00e9mie Ridaventure","_seopress_titles_desc":"Elevate your adventure with our off-road training. Expert-led courses designed to navigate you through the wild with confidence and skill.","_seopress_robots_index":"","footnotes":""},"class_list":["post-4685","page","type-page","status-publish","hentry"],"meta_box":[],"_links":{"self":[{"href":"https:\/\/academieridaventure.com\/fr\/wp-json\/wp\/v2\/pages\/4685","targetHints":{"allow":["GET"]}}],"collection":[{"href":"https:\/\/academieridaventure.com\/fr\/wp-json\/wp\/v2\/pages"}],"about":[{"href":"https:\/\/academieridaventure.com\/fr\/wp-json\/wp\/v2\/types\/page"}],"author":[{"embeddable":true,"href":"https:\/\/academieridaventure.com\/fr\/wp-json\/wp\/v2\/users\/5"}],"replies":[{"embeddable":true,"href":"https:\/\/academieridaventure.com\/fr\/wp-json\/wp\/v2\/comments?post=4685"}],"version-history":[{"count":26,"href":"https:\/\/academieridaventure.com\/fr\/wp-json\/wp\/v2\/pages\/4685\/revisions"}],"predecessor-version":[{"id":6454,"href":"https:\/\/academieridaventure.com\/fr\/wp-json\/wp\/v2\/pages\/4685\/revisions\/6454"}],"up":[{"embeddable":true,"href":"https:\/\/academieridaventure.com\/fr\/wp-json\/wp\/v2\/pages\/5077"}],"wp:attachment":[{"href":"https:\/\/academieridaventure.com\/fr\/wp-json\/wp\/v2\/media?parent=4685"}],"curies":[{"name":"wp","href":"https:\/\/api.w.org\/{rel}","templated":true}]}}