{"id":4680,"date":"2024-02-12T16:20:06","date_gmt":"2024-02-12T21:20:06","guid":{"rendered":"https:\/\/wordpress-403092-4304419.cloudwaysapps.com\/?page_id=4680"},"modified":"2025-04-16T23:37:42","modified_gmt":"2025-04-17T03:37:42","slug":"about","status":"publish","type":"page","link":"https:\/\/academieridaventure.com\/fr\/about\/","title":{"rendered":"\u00c0 propos"},"content":{"rendered":"<section class=\"wp-block-wp-expert-new-subpage-hero subpage-hero\"> <img loading=\"lazy\" decoding=\"async\" width=\"1440\" height=\"588\" src=\"https:\/\/academieridaventure.com\/wp-content\/uploads\/about-hero.webp\" class=\"subpage-hero__bg-img wp-image-5258\" alt=\"about hero\" srcset=\"https:\/\/academieridaventure.com\/wp-content\/uploads\/about-hero.webp 1440w, https:\/\/academieridaventure.com\/wp-content\/uploads\/about-hero-300x123.webp 300w, https:\/\/academieridaventure.com\/wp-content\/uploads\/about-hero-1024x418.webp 1024w, https:\/\/academieridaventure.com\/wp-content\/uploads\/about-hero-768x314.webp 768w\" sizes=\"auto, (max-width: 1440px) 100vw, 1440px\" \/> <div data-empty-placeholder=\"\" class=\"container\">\n<h1 class=\"wp-block-heading has-white-color has-text-color has-link-color wp-elements-42d63ef5a4021036ae72ee9ad879f521\">Rencontrez l'\u00e9quipe :<\/h1>\n\n\n\n<h2 class=\"wp-block-heading has-white-color has-text-color has-link-color wp-elements-c8e8d2089576ae37c4958292ee77df39\">Le c\u0153ur de l'Acad\u00e9mie Ridaventure<\/h2>\n<\/div> <\/section>\n\n\n\n<section class=\"wp-block-wp-expert-new-txt-img-section txt-img-section\"> <div class=\"txt-img-grid\"> <div class=\"txt-img-txt-col\"> <h2>Acad\u00e9mie Ridaventure.<\/h2> <div class=\"txt-img-txt-col-wrapper\"> <p class=\"txt-img-txt-col-subline\">Comment le voyage a commenc\u00e9.<\/p> <p>Fond\u00e9e en 2019 par l'estim\u00e9 Claude Gagn\u00e9, un instructeur certifi\u00e9 de BMW Allemagne, l'Acad\u00e9mie Ridaventure est n\u00e9e d'une passion pour l'excellence en moto. Notre acad\u00e9mie se consacre \u00e0 la transmission des techniques essentielles n\u00e9cessaires \u00e0 une conduite comp\u00e9tente en sentier et en aventure, en s'adressant \u00e0 la fois aux motocyclettes \u00e0 double usage et aux motocyclettes d'aventure. Notre objectif est de d\u00e9velopper des comp\u00e9tences qui garantissent \u00e0 la fois le plaisir et la s\u00e9curit\u00e9 lors de chaque sortie.<\/p> <\/div> <\/div> <div class=\"txt-img-img-col\"> <img loading=\"lazy\" decoding=\"async\" width=\"300\" height=\"300\" id=\"Group_325\" data-name=\"Group 325\" src=\"https:\/\/academieridaventure.com\/wp-content\/uploads\/about-vector-300x300.webp\" class=\"wp-image-5098\" srcset=\"https:\/\/academieridaventure.com\/wp-content\/uploads\/about-vector-300x300.webp 300w, https:\/\/academieridaventure.com\/wp-content\/uploads\/about-vector-150x150.webp 150w, https:\/\/academieridaventure.com\/wp-content\/uploads\/about-vector.webp 414w\" sizes=\"auto, (max-width: 300px) 100vw, 300px\" \/> <\/div> <\/div> <\/section>\n\n\n\n<section class=\"wp-block-wp-expert-new-outlined-box-section outlined-box-section sec-block-0\"> <div data-empty-placeholder=\"\" class=\"outlined-box\">\n<h2 class=\"wp-block-heading\">D\u00e9claration de mission et de vision<\/h2>\n\n\n\n<p>\u00c0 l'Acad\u00e9mie Ridaventure, nous sommes anim\u00e9s par la mission de permettre aux passionn\u00e9s de moto de b\u00e9n\u00e9ficier d'une formation et d'un d\u00e9veloppement des comp\u00e9tences in\u00e9gal\u00e9s. Soucieux d'offrir une exp\u00e9rience d'apprentissage compl\u00e8te, nous mettons l'accent sur la s\u00e9curit\u00e9, la technique et le pur plaisir de conduire. Notre objectif est de donner \u00e0 chaque \u00e9l\u00e8ve, qu'il soit d\u00e9butant ou chevronn\u00e9, la confiance et les comp\u00e9tences n\u00e9cessaires pour explorer de nouveaux terrains et vivre l'aventure de la route ouverte.<\/p>\n\n\n\n<p>Notre vision s'\u00e9tend au-del\u00e0 du pr\u00e9sent, aspirant \u00e0 faire de l'Acad\u00e9mie Ridaventure une acad\u00e9mie de formation \u00e0 la moto de premier plan, r\u00e9put\u00e9e pour son engagement envers l'excellence et sa passion profonde pour la conduite. Notre objectif est de cr\u00e9er une communaut\u00e9 de motocyclistes comp\u00e9tents, responsables et enthousiastes qui partagent notre amour de l'aventure. Gr\u00e2ce \u00e0 l'innovation continue de nos m\u00e9thodes de formation et \u00e0 un profond respect pour le sport, nous sommes d\u00e9termin\u00e9s \u00e0 inspirer et \u00e0 cultiver une nouvelle g\u00e9n\u00e9ration d'aventuriers \u00e0 moto.<\/p>\n<\/div> <\/section>\n\n\n\n<section class=\"wp-block-wp-expert-new-wpe-section\">\n<div class=\"wp-block-wp-expert-new-team-member-grid team-member-grid\">\n<div class=\"wp-block-wp-expert-new-team-member team-member\"> <img loading=\"lazy\" decoding=\"async\" width=\"464\" height=\"464\" src=\"https:\/\/academieridaventure.com\/wp-content\/uploads\/claude.webp\" alt=\"claude\" class=\"wp-image-5199\" srcset=\"https:\/\/academieridaventure.com\/wp-content\/uploads\/claude.webp 464w, https:\/\/academieridaventure.com\/wp-content\/uploads\/claude-300x300.webp 300w, https:\/\/academieridaventure.com\/wp-content\/uploads\/claude-150x150.webp 150w\" sizes=\"auto, (max-width: 464px) 100vw, 464px\" \/> <div class=\"team-member-wrapper\">\n<h3 class=\"wp-block-heading\">Claude Gagn\u00e9, propri\u00e9taire - Instructeur en chef<\/h3>\n\n\n\n<p>Fort de 41 ans d'exp\u00e9rience dans le monde de la moto, Claude Gagn\u00e9 est un instructeur certifi\u00e9 de la BMW Motorrad Instructor Academy, ayant compl\u00e9t\u00e9 sa formation en moto hors route \u00e0 Hechlingen, en Allemagne (2013), ainsi que sa formation en moto sur route \u00e0 Maisach, en Allemagne (2016). En 2023, il a obtenu la certification BMW Motorrad Tour Guide \u00e0 M\u00e1laga, en Espagne, consolidant ainsi son expertise dans l'accompagnement professionnel de groupes sur la route.<\/p>\n\n\n\n<p>Ancien participant au GS Challenge (2008-2009) et membre de l'\u00e9quipe canadienne du GS Challenge de 2012 \u00e0 2018, Claude a \u00e9galement \u00e9t\u00e9 mar\u00e9chal du GS Trophy 2014. Il a maintenant plus de 12 ans d'exp\u00e9rience en tant qu'instructeur certifi\u00e9 par BMW et est ambassadeur du MOA depuis 2014.<\/p>\n\n\n\n<p>Il a \u00e9galement travaill\u00e9 pendant 5 ans comme agent de piste moto (FQMHR), enrichissant son expertise terrain d'une solide exp\u00e9rience en mati\u00e8re de s\u00e9curit\u00e9 et de gestion d'itin\u00e9raires. Passionn\u00e9, rigoureux et reconnu pour sa p\u00e9dagogie structur\u00e9e, Claude a parcouru plus de 500 000 kilom\u00e8tres au volant d'une BMW GSA, sur route et hors route.<\/p>\n<\/div> <\/div>\n\n\n\n<div class=\"wp-block-wp-expert-new-team-member team-member\"> <img loading=\"lazy\" decoding=\"async\" width=\"750\" height=\"563\" src=\"https:\/\/academieridaventure.com\/wp-content\/uploads\/stephane-blackman.webp\" alt=\"stephane blackman\" class=\"wp-image-5770\" srcset=\"https:\/\/academieridaventure.com\/wp-content\/uploads\/stephane-blackman.webp 750w, https:\/\/academieridaventure.com\/wp-content\/uploads\/stephane-blackman-300x225.webp 300w, https:\/\/academieridaventure.com\/wp-content\/uploads\/stephane-blackman-16x12.webp 16w\" sizes=\"auto, (max-width: 750px) 100vw, 750px\" \/> <div class=\"team-member-wrapper\">\n<h3 class=\"wp-block-heading\">Stephane Blackman - Instructeur<\/h3>\n\n\n\n<p>Avec 42 ans sur deux roues, notre sergent de police r\u00e9cemment retrait\u00e9 apporte au monde de la moto plus de trois d\u00e9cennies d'exp\u00e9rience dans le domaine de l'application de la loi. Conducteur de motocyclette de police certifi\u00e9 de niveau 1 et 2 par le Coll\u00e8ge de police de l'Ontario, il a particip\u00e9 \u00e0 des comp\u00e9titions d'habilet\u00e9 partout au Canada et aux \u00c9tats-Unis et est pr\u00e9sentement instructeur dans des centres de formation gouvernementaux de premier plan. <\/p>\n\n\n\n<p>Titulaire d'une certification d'entra\u00eeneur de niveau 3 pour Tae Kwon Do Qu\u00e9bec et Ringuette Canada, il est \u00e9galement ma\u00eetre facilitateur d'arbitrage pour Ringuette Canada. <\/p>\n\n\n\n<p>En tant que road master pour Gabriel BMW Motorrad, il conduit des essais clients sur sa GS1250 Adventure, sa BMW RT1200P et sa Harley Davidson FLHP, partageant sa passion et son expertise avec la communaut\u00e9 des motards.<\/p>\n<\/div> <\/div>\n\n\n\n<div class=\"wp-block-wp-expert-new-team-member team-member\"> <img loading=\"lazy\" decoding=\"async\" width=\"485\" height=\"405\" src=\"https:\/\/academieridaventure.com\/wp-content\/uploads\/emara.webp\" alt=\"emara\" class=\"wp-image-5203\" srcset=\"https:\/\/academieridaventure.com\/wp-content\/uploads\/emara.webp 485w, https:\/\/academieridaventure.com\/wp-content\/uploads\/emara-300x251.webp 300w\" sizes=\"auto, (max-width: 485px) 100vw, 485px\" \/> <div class=\"team-member-wrapper\">\n<h3 class=\"wp-block-heading\">Eric M\u00e9nard - Assistant Instructeur<\/h3>\n\n\n\n<p>Eric, journaliste et instructeur moto, est connu pour son travail au Show de Moto sur RDS. Il a explor\u00e9 les routes du P\u00e9rou, de la Turquie, du Guatemala, du Mexique, du Costa Rica, de l'Europe et de l'Orient.<\/p>\n\n\n\n<p>Eric a particip\u00e9 au BMW GS Trophy Mongolie 2018 en tant que journaliste pour l'\u00e9quipe canadienne et est un communicateur efficace de sa passion pour la moto sport-aventure.<\/p>\n<\/div> <\/div>\n\n\n\n<div class=\"wp-block-wp-expert-new-team-member team-member\"> <img loading=\"lazy\" decoding=\"async\" width=\"485\" height=\"409\" src=\"https:\/\/academieridaventure.com\/wp-content\/uploads\/maxwell.webp\" alt=\"maxwell\" class=\"wp-image-5201\" srcset=\"https:\/\/academieridaventure.com\/wp-content\/uploads\/maxwell.webp 485w, https:\/\/academieridaventure.com\/wp-content\/uploads\/maxwell-300x253.webp 300w\" sizes=\"auto, (max-width: 485px) 100vw, 485px\" \/> <div class=\"team-member-wrapper\">\n<h3 class=\"wp-block-heading\">Steve Maxwell - Instructeur<\/h3>\n\n\n\n<p>Steve fait de la moto depuis l'\u00e2ge de 12 ans, les 15 derni\u00e8res ann\u00e9es ayant \u00e9t\u00e9 consacr\u00e9es aux motos de type ADV, principalement des mod\u00e8les BMW R1200GS. Il a \u00e9t\u00e9 agent motoris\u00e9 au sein de l'\u00e9quipe de motocyclistes de pr\u00e9cision Winged Wheels du service de police de Toronto et formateur pour la requalification annuelle des agents motoris\u00e9s.<\/p>\n\n\n\n<p>L'exp\u00e9rience de Steve comprend l'enseignement de la formation \u00e0 la vitesse lente pour les conducteurs exp\u00e9riment\u00e9s et la formation au permis de conduire des motocyclettes avec l'OSC, et il a particip\u00e9 \u00e0 plusieurs \u00e9preuves du BMW GS Challenge.<\/p>\n<\/div> <\/div>\n<\/div>\n<\/section>\n\n\n\n<section class=\"wp-block-wp-expert-new-cta-section cta-section\"> <div class=\"container\"> <div class=\"cta-titles\"> <h2>Commencez votre aventure \u00e0 moto<\/h2> <h3 class=\"\">Inscrivez-vous d\u00e8s maintenant pour une formation in\u00e9gal\u00e9e<\/h3> <\/div> <div data-empty-placeholder=\"\" class=\"cta-content\">\n<p>Votre parcours pour devenir un ma\u00eetre cavalier commence par une seule \u00e9tape : l'inscription. \u00c0 l'Acad\u00e9mie Ridaventure, nous sommes pr\u00eats \u00e0 vous guider sur un chemin rempli d'exp\u00e9riences exaltantes et de formation experte.<\/p>\n\n\n\n<a href=\"\/fr\/register\/\" class=\"wp-block-wp-expert-new-btn btn fit-content max-width-550 btn--second\">S'inscrire<\/a>\n\n\n\n<a href=\"tel:5149758267\" class=\"wp-block-wp-expert-new-btn btn fit-content max-width-550\">Appeler le (514) 975-8267<\/a>\n<\/div> <\/div> <\/section>","protected":false},"excerpt":{"rendered":"","protected":false},"author":5,"featured_media":0,"parent":0,"menu_order":0,"comment_status":"closed","ping_status":"closed","template":"","meta":{"_seopress_robots_primary_cat":"","_seopress_titles_title":"About Us | Passion for Motorcycle Excellence","_seopress_titles_desc":"Discover Acad\u00e9mie Ridaventure's journey, founded by Claude Gagn\u00e9, dedicated to imparting essential riding techniques for trail and adventure.","_seopress_robots_index":"","footnotes":""},"class_list":["post-4680","page","type-page","status-publish","hentry"],"meta_box":[],"_links":{"self":[{"href":"https:\/\/academieridaventure.com\/fr\/wp-json\/wp\/v2\/pages\/4680","targetHints":{"allow":["GET"]}}],"collection":[{"href":"https:\/\/academieridaventure.com\/fr\/wp-json\/wp\/v2\/pages"}],"about":[{"href":"https:\/\/academieridaventure.com\/fr\/wp-json\/wp\/v2\/types\/page"}],"author":[{"embeddable":true,"href":"https:\/\/academieridaventure.com\/fr\/wp-json\/wp\/v2\/users\/5"}],"replies":[{"embeddable":true,"href":"https:\/\/academieridaventure.com\/fr\/wp-json\/wp\/v2\/comments?post=4680"}],"version-history":[{"count":27,"href":"https:\/\/academieridaventure.com\/fr\/wp-json\/wp\/v2\/pages\/4680\/revisions"}],"predecessor-version":[{"id":6457,"href":"https:\/\/academieridaventure.com\/fr\/wp-json\/wp\/v2\/pages\/4680\/revisions\/6457"}],"wp:attachment":[{"href":"https:\/\/academieridaventure.com\/fr\/wp-json\/wp\/v2\/media?parent=4680"}],"curies":[{"name":"wp","href":"https:\/\/api.w.org\/{rel}","templated":true}]}}